{"id":20,"date":"2014-03-10T12:02:31","date_gmt":"2014-03-10T11:02:31","guid":{"rendered":"http:\/\/www.isaacisrael.com\/?page_id=20"},"modified":"2025-11-24T14:21:58","modified_gmt":"2025-11-24T13:21:58","slug":"curriculum","status":"publish","type":"page","link":"https:\/\/www.isaacisrael.com\/en\/biografia\/curriculum\/","title":{"rendered":"Resume"},"content":{"rendered":"<p>Height: <strong>5.64 ft<\/strong> \/ Weight: <strong>157 lbs<\/strong><br \/>\nEyes: <strong>Blue<\/strong> \/ Hair: <strong>Black<\/strong><br \/>\nAge Range: <strong>20-30<\/strong><br \/>\nLanguages: <strong>English, Spanish &amp; Catalan<\/strong><\/p>\n<h3>Film<\/h3>\n<h4>Tu eres mi destino &#8211; 2023<\/h4>\n<p>Director: \u00d3scar G\u00f3mez<\/p>\n<h4>Dark Village &#8211; 2019<\/h4>\n<p>Director: Oscar G\u00f3mez and Iv\u00e1n Valent\u00edn<\/p>\n<h4>8 hombres sin piedad &#8211; 2017<\/h4>\n<p>(Not official. Film shot as a cinema practice)<br \/>\nDirector: Miguel Bardem<\/p>\n<h4>Un Dios Prohibido &#8211; 2013<\/h4>\n<p>Supporting<br \/>\nDirector: Pablo Moreno<\/p>\n<h3>TV<\/h3>\n<h4>Isla Brava &#8211; 2022 (Onza TV)<\/h4>\n<p>Director: Pitipol Ybarra<\/p>\n<h3>Short Film<\/h3>\n<h4>Inesperados<\/h4>\n<p>Director: \u00d3scar G\u00f3mez<\/p>\n<h4>No hay precio<\/h4>\n<p>Director: Albert Poquet<\/p>\n<h4>Est\u00e1n Aqu\u00ed<\/h4>\n<p>Director: H\u00e9ctor Bravo<\/p>\n<h4>Silencio<\/h4>\n<p>Director: Isaac Israel<\/p>\n<h4>Blondie Crash<\/h4>\n<p>Director: Isaac Israel<\/p>\n<h4>Cara O Cruz<\/h4>\n<p>Director: David \u00c1lvarez<\/p>\n<h3>Theatre<\/h3>\n<h4>Habemus Ploma<\/h4>\n<p>Cabaret Comedy<br \/>\nDirector: Cesc Queral<\/p>\n<h4>L&#8217;Auca Del Senyor Esteve<\/h4>\n<p>Drama<br \/>\nDirector: Dani Pascual<\/p>\n<h4>Theatre Of Blood<\/h4>\n<p>Horror\/Black Comedy<br \/>\nDirector: Cesc Queral<\/p>\n<h4>The Diary Of Anne Frank<\/h4>\n<p>Drama<br \/>\nDirector: Cesc Queral<\/p>\n<h3>Training<\/h3>\n<h4>Acting Postgraduate Studies<\/h4>\n<p>Escola d&#8217;Actors de Barcelona<\/p>\n<h4>Cinema Courses<\/h4>\n<p>With Miguel Bardem, Luis Ca\u00f1ete, Luci Lenox, Esteve Rovira, Jose Cerqueda<\/p>\n<h4>Certificate in Dramatic Arts<\/h4>\n<p>Escola d&#8217;Actors de Barcelona<\/p>\n<h3>Skills<\/h3>\n<p>Playing Saxophone, drums, swimming, riding horse, motorbike<\/p>","protected":false},"excerpt":{"rendered":"<p>Height: 5.64 ft \/ Weight: 157 lbs Eyes: Blue \/ Hair: Black Age Range: 20-30 Languages: English, Spanish &amp; Catalan Film Tu eres mi destino &#8211; 2023 Director: \u00d3scar G\u00f3mez Dark Village &#8211; 2019 Director: Oscar G\u00f3mez and Iv\u00e1n Valent\u00edn 8 hombres sin piedad &#8211; 2017 (Not official. Film shot as a cinema practice) Director: [&hellip;]<\/p>\n","protected":false},"author":1,"featured_media":0,"parent":18,"menu_order":2,"comment_status":"open","ping_status":"closed","template":"","meta":{"footnotes":""},"class_list":["post-20","page","type-page","status-publish","hentry"],"_links":{"self":[{"href":"https:\/\/www.isaacisrael.com\/en\/wp-json\/wp\/v2\/pages\/20","targetHints":{"allow":["GET"]}}],"collection":[{"href":"https:\/\/www.isaacisrael.com\/en\/wp-json\/wp\/v2\/pages"}],"about":[{"href":"https:\/\/www.isaacisrael.com\/en\/wp-json\/wp\/v2\/types\/page"}],"author":[{"embeddable":true,"href":"https:\/\/www.isaacisrael.com\/en\/wp-json\/wp\/v2\/users\/1"}],"replies":[{"embeddable":true,"href":"https:\/\/www.isaacisrael.com\/en\/wp-json\/wp\/v2\/comments?post=20"}],"version-history":[{"count":75,"href":"https:\/\/www.isaacisrael.com\/en\/wp-json\/wp\/v2\/pages\/20\/revisions"}],"predecessor-version":[{"id":1068,"href":"https:\/\/www.isaacisrael.com\/en\/wp-json\/wp\/v2\/pages\/20\/revisions\/1068"}],"up":[{"embeddable":true,"href":"https:\/\/www.isaacisrael.com\/en\/wp-json\/wp\/v2\/pages\/18"}],"wp:attachment":[{"href":"https:\/\/www.isaacisrael.com\/en\/wp-json\/wp\/v2\/media?parent=20"}],"curies":[{"name":"wp","href":"https:\/\/api.w.org\/{rel}","templated":true}]}}